{"id":36,"date":"2023-03-02T15:50:18","date_gmt":"2023-03-02T15:50:18","guid":{"rendered":"https:\/\/sklepyprestashop.kylos.pl\/alfaserwis\/?page_id=36"},"modified":"2023-12-06T14:38:33","modified_gmt":"2023-12-06T13:38:33","slug":"znajdz-serwis","status":"publish","type":"page","link":"https:\/\/alfawatch.pl\/serwis\/znajdz-serwis\/","title":{"rendered":"Znajd\u017a serwis"},"content":{"rendered":"\n<h3 class=\"wp-block-heading has-text-align-center\">Serwis Centralny Alfa Watch sp. z o.o.<\/h3>\n\n\n\n<p class=\"has-text-align-center\">ul. Wary\u0144skiego 14<br>43-190 Miko\u0142\u00f3w<\/p>\n\n\n\n<p class=\"has-text-align-center\">e-mail: <a href=\"mailto:zegarmistrz@classicwatch.com.pl\">zegarmistrz@classicwatch.com.pl<\/a><\/p>\n\n\n\n<iframe src=\"https:\/\/www.google.com\/maps\/embed?pb=!1m18!1m12!1m3!1d487.2998114716929!2d18.94969405251007!3d50.231210354794875!2m3!1f0!2f0!3f0!3m2!1i1024!2i768!4f13.1!3m3!1m2!1s0x4716cd83ef6fb10f%3A0x28ba14088f1a672f!2sClassic%20Watch%20Serwis%20Centralny!5e0!3m2!1spl!2spl!4v1679394197508!5m2!1spl!2spl\" width=\"100%\" height=\"450\" style=\"border:0;\" allowfullscreen=\"\" loading=\"lazy\" referrerpolicy=\"no-referrer-when-downgrade\"><\/iframe>\n","protected":false},"excerpt":{"rendered":"<p>Serwis Centralny Alfa Watch sp. z o.o. ul. Wary\u0144skiego 1443-190 Miko\u0142\u00f3w e-mail: zegarmistrz@classicwatch.com.pl [&#8230;]<\/p>\n<p><a class=\"btn btn-secondary understrap-read-more-link\" href=\"https:\/\/alfawatch.pl\/serwis\/znajdz-serwis\/\">Czytaj dalej\u2026<span class=\"screen-reader-text\"> from Znajd\u017a serwis<\/span><\/a><\/p>\n","protected":false},"author":1,"featured_media":0,"parent":0,"menu_order":0,"comment_status":"closed","ping_status":"closed","template":"","meta":{"footnotes":""},"class_list":["post-36","page","type-page","status-publish","hentry"],"acf":[],"_links":{"self":[{"href":"https:\/\/alfawatch.pl\/serwis\/wp-json\/wp\/v2\/pages\/36","targetHints":{"allow":["GET"]}}],"collection":[{"href":"https:\/\/alfawatch.pl\/serwis\/wp-json\/wp\/v2\/pages"}],"about":[{"href":"https:\/\/alfawatch.pl\/serwis\/wp-json\/wp\/v2\/types\/page"}],"author":[{"embeddable":true,"href":"https:\/\/alfawatch.pl\/serwis\/wp-json\/wp\/v2\/users\/1"}],"replies":[{"embeddable":true,"href":"https:\/\/alfawatch.pl\/serwis\/wp-json\/wp\/v2\/comments?post=36"}],"version-history":[{"count":7,"href":"https:\/\/alfawatch.pl\/serwis\/wp-json\/wp\/v2\/pages\/36\/revisions"}],"predecessor-version":[{"id":6037,"href":"https:\/\/alfawatch.pl\/serwis\/wp-json\/wp\/v2\/pages\/36\/revisions\/6037"}],"wp:attachment":[{"href":"https:\/\/alfawatch.pl\/serwis\/wp-json\/wp\/v2\/media?parent=36"}],"curies":[{"name":"wp","href":"https:\/\/api.w.org\/{rel}","templated":true}]}}